{"id":15,"date":"2026-03-23T14:56:23","date_gmt":"2026-03-23T14:56:23","guid":{"rendered":"https:\/\/dyrpiza.store\/?page_id=15"},"modified":"2026-03-23T15:02:13","modified_gmt":"2026-03-23T15:02:13","slug":"richtlinien-zur-verwendung-von-cookies","status":"publish","type":"page","link":"https:\/\/dyrpiza.store\/?page_id=15","title":{"rendered":"Richtlinien zur verwendung von cookies"},"content":{"rendered":"\n<p>Unsere webseite dyrpiza verwendet so genannte cookies, um das angebot nutzerfreundlich zu gestalten und die sicherheit des onlinehandels zu gew\u00e4hrleisten. Dabei handelt es sich um kleine textdateien, die mit hilfe des browsers auf ihrem endger\u00e4t abgelegt werden und keinen schaden anrichten.<\/p>\n\n\n\n<ol start=\"1\" class=\"wp-block-list\">\n<li>Notwendige cookies f\u00fcr den betrieb des warenkorbs<\/li>\n\n\n\n<li>Sicherheitsrelevante cookies zur identifikation von sitzungen<\/li>\n\n\n\n<li>Analytische cookies zur verbesserung unserer lokalen beratung<\/li>\n\n\n\n<li>Pr\u00e4ferenzcookies zur speicherung ihrer sprachwahl<\/li>\n<\/ol>\n\n\n\n<p id=\"p-rc_094c4062843206c1-19\">Einige cookies bleiben auf ihrem endger\u00e4t gespeichert, bis sie diese l\u00f6schen, da sie uns erm\u00f6glichen, ihren browser beim n\u00e4chsten besuch wiederzuerkennen. Wenn sie dies nicht w\u00fcnschen, so k\u00f6nnen sie ihren browser so einrichten, dass er sie \u00fcber das setzen von cookies informiert und sie dies nur im einzelfall erlauben. Bei der deaktivierung von cookies kann die funktionalit\u00e4t unserer webseite f\u00fcr video\u00fcberwachung eingeschr\u00e4nkt sein. Wir nutzen diese technologie verantwortungsbewusst, um ihnen in Leonding und umgebung den besten service f\u00fcr ihre sicherheitstechnik zu bieten.<sup><\/sup><\/p>\n","protected":false},"excerpt":{"rendered":"<p>Unsere webseite dyrpiza verwendet so genannte cookies, um das angebot nutzerfreundlich zu gestalten und die sicherheit des onlinehandels zu gew\u00e4hrleisten. Dabei handelt es sich um kleine textdateien, die mit hilfe des browsers auf ihrem endger\u00e4t abgelegt werden und keinen schaden anrichten. Einige cookies bleiben auf ihrem endger\u00e4t gespeichert, bis sie diese l\u00f6schen, da sie uns [&hellip;]<\/p>\n","protected":false},"author":1,"featured_media":0,"parent":0,"menu_order":7,"comment_status":"closed","ping_status":"closed","template":"","meta":{"footnotes":""},"class_list":["post-15","page","type-page","status-publish","hentry"],"_links":{"self":[{"href":"https:\/\/dyrpiza.store\/index.php?rest_route=\/wp\/v2\/pages\/15","targetHints":{"allow":["GET"]}}],"collection":[{"href":"https:\/\/dyrpiza.store\/index.php?rest_route=\/wp\/v2\/pages"}],"about":[{"href":"https:\/\/dyrpiza.store\/index.php?rest_route=\/wp\/v2\/types\/page"}],"author":[{"embeddable":true,"href":"https:\/\/dyrpiza.store\/index.php?rest_route=\/wp\/v2\/users\/1"}],"replies":[{"embeddable":true,"href":"https:\/\/dyrpiza.store\/index.php?rest_route=%2Fwp%2Fv2%2Fcomments&post=15"}],"version-history":[{"count":1,"href":"https:\/\/dyrpiza.store\/index.php?rest_route=\/wp\/v2\/pages\/15\/revisions"}],"predecessor-version":[{"id":16,"href":"https:\/\/dyrpiza.store\/index.php?rest_route=\/wp\/v2\/pages\/15\/revisions\/16"}],"wp:attachment":[{"href":"https:\/\/dyrpiza.store\/index.php?rest_route=%2Fwp%2Fv2%2Fmedia&parent=15"}],"curies":[{"name":"wp","href":"https:\/\/api.w.org\/{rel}","templated":true}]}}